{"id":13,"date":"2016-02-16T14:15:09","date_gmt":"2016-02-16T13:15:09","guid":{"rendered":"http:\/\/foevkts.0link.net\/wordpress\/?page_id=13"},"modified":"2017-08-18T19:02:04","modified_gmt":"2017-08-18T17:02:04","slug":"mitgliedschaft","status":"publish","type":"page","link":"https:\/\/foevkts.ralsu.de\/wordpress\/index.php\/mitgliedschaft\/","title":{"rendered":"Mitgliedschaft"},"content":{"rendered":"<p>Ohne Mitglieder kann kein Verein existieren. Unsere Mitglieder bilden die Basis unseres F\u00f6rdervereins und machen Projekte, Aktionen und das Sammeln von Spenden \u00fcberhaupt erst m\u00f6glich.<\/p>\n<p>Zu unseren Mitgliedern z\u00e4hlen Eltern deren Kinder die Kindertagesst\u00e4tte besuchen, aber auch unabh\u00e4ngige F\u00f6rdermitglieder, denen die Unterst\u00fctzung unserer Kinder vor Ort am Herzen liegt.<\/p>\n<p>Neben nat\u00fcrlichen Personen k\u00f6nnen auch Vereine und Firmen unsere Arbeit als Mitglieder unterst\u00fctzen.<\/p>\n<h3>Mitgliedsbeitrag<\/h3>\n<p>Der Mindestbeitrag betr\u00e4gt auf <a href=\"http:\/\/foevkts.0link.net\/wordpress\/wp-content\/uploads\/2016\/02\/Beschluss_Beitrag.pdf\" rel=\"\">Beschluss der Mitgliederversammlung<\/a> gerade mal <strong>12 Euro im Jahr<\/strong> und wird im Fr\u00fchjahr erhoben. Gerne k\u00f6nnen Sie auch einen h\u00f6heren Beitrag leisten. Alle Beitr\u00e4ge sind durch die Anerkennung unserer Gemeinn\u00fctzigkeit steuerlich absetzbar.<\/p>\n<p>Zur unkomplizierten Abwicklung unserer Beitragserhebung bitten wir Sie um Erteilung eines SEPA-Basislastschriftmandates.<\/p>\n<h3>Mitglied werden<\/h3>\n<p>F\u00fcr eine Mitgliedschaft in unserem Verein ben\u00f6tigen wir ein paar Informationen von Ihnen &#8211; Der einfachste Weg ist unsere<\/p>\n<p style=\"text-align: center;\"><strong><span style=\"color: #ff0000;\">&gt;&gt;<\/span>\u00a0<a href=\"http:\/\/foevkts.0link.net\/mitglied\/mitglied.php\" target=\"_BLANK\">Online-Beitrittserkl\u00e4rung in neuem Fenster \u00f6ffnen<\/a>\u00a0<span style=\"color: #ff0000;\">&lt;&lt;<\/span><\/strong><\/p>\n<p>Hier k\u00f6nnen Sie alle ben\u00f6tigten Daten direkt eingeben und an uns absenden.<\/p>\n<p><span style=\"color: #ff0000;\">Zu Ihrer Sicherheit bekommen Sie nach dem Absenden des Formulars\u00a0eine Email mit einem Best\u00e4tigungslink. Durch das Anklicken dieses Links &#8220;unterschreiben&#8221; Sie Ihre Beitrittserkl\u00e4rung. Erst jetzt werden Ihre Daten an unsere Mitgliederverwaltung \u00fcbermittelt.\u00a0Wichtig: der Link verf\u00e4llt automatisch nach 48 Stunden und Ihre eingegebenen Daten werden wieder gel\u00f6scht.<\/span><\/p>\n<p>Alternativ k\u00f6nnen\u00a0Sie auch unsere klassischen Beitrittsformulare ausf\u00fcllen\u00a0&#8230;<\/p>\n<ul>\n<li><a href=\"https:\/\/foevkts.ralsu.de\/wordpress\/wp-content\/uploads\/2017\/08\/Beitrittserkl\u00e4rung.pdf\" target=\"_blank\" rel=\"\">Beitrittserkl\u00e4rung f\u00fcr Personen<\/a><\/li>\n<li><a href=\"http:\/\/foevkts.0link.net\/wordpress\/wp-content\/uploads\/2016\/02\/Beitrittserkl\u00e4rung_jur.-Person.pdf\" rel=\"\">Beitrittserkl\u00e4rung f\u00fcr juristische Personen (Firmen\/Vereine)<\/a><\/li>\n<\/ul>\n<p>&#8230; anschlie\u00dfend lassen Sie uns das Formular bitte auf einem der folgenden Wege zukommen &#8230;<\/p>\n<ul>\n<li>Abgabe im Kindergarten<\/li>\n<li>Abgabe bei einem unserer Vorstandsmitglieder<\/li>\n<li>Einwurf in unseren Briefkasten &#8220;<span style=\"color: #ff0000;\"><strong>F\u00f6rderverein<\/strong><\/span>&#8221; am Kindergarten<\/li>\n<li>Versand an unsere Postanschrift\u00a0<strong>Landstra\u00dfe 26, 37170 Uslar-Schoningen<\/strong><\/li>\n<\/ul>\n<p>&nbsp;<\/p>\n","protected":false},"excerpt":{"rendered":"<p>Ohne Mitglieder kann kein Verein existieren. Unsere Mitglieder bilden die Basis unseres F\u00f6rdervereins und machen Projekte, Aktionen und das Sammeln von Spenden \u00fcberhaupt erst m\u00f6glich. Zu unseren Mitgliedern z\u00e4hlen Eltern deren Kinder die Kindertagesst\u00e4tte besuchen, aber auch unabh\u00e4ngige F\u00f6rdermitglieder, denen die Unterst\u00fctzung unserer Kinder vor Ort am Herzen liegt. Neben nat\u00fcrlichen Personen k\u00f6nnen auch Vereine [&hellip;]<\/p>\n","protected":false},"author":1,"featured_media":0,"parent":0,"menu_order":0,"comment_status":"closed","ping_status":"closed","template":"","meta":[],"_links":{"self":[{"href":"https:\/\/foevkts.ralsu.de\/wordpress\/index.php\/wp-json\/wp\/v2\/pages\/13"}],"collection":[{"href":"https:\/\/foevkts.ralsu.de\/wordpress\/index.php\/wp-json\/wp\/v2\/pages"}],"about":[{"href":"https:\/\/foevkts.ralsu.de\/wordpress\/index.php\/wp-json\/wp\/v2\/types\/page"}],"author":[{"embeddable":true,"href":"https:\/\/foevkts.ralsu.de\/wordpress\/index.php\/wp-json\/wp\/v2\/users\/1"}],"replies":[{"embeddable":true,"href":"https:\/\/foevkts.ralsu.de\/wordpress\/index.php\/wp-json\/wp\/v2\/comments?post=13"}],"version-history":[{"count":9,"href":"https:\/\/foevkts.ralsu.de\/wordpress\/index.php\/wp-json\/wp\/v2\/pages\/13\/revisions"}],"predecessor-version":[{"id":242,"href":"https:\/\/foevkts.ralsu.de\/wordpress\/index.php\/wp-json\/wp\/v2\/pages\/13\/revisions\/242"}],"wp:attachment":[{"href":"https:\/\/foevkts.ralsu.de\/wordpress\/index.php\/wp-json\/wp\/v2\/media?parent=13"}],"curies":[{"name":"wp","href":"https:\/\/api.w.org\/{rel}","templated":true}]}}