{"id":15,"date":"2016-02-16T15:14:42","date_gmt":"2016-02-16T14:14:42","guid":{"rendered":"http:\/\/foevkts.0link.net\/wordpress\/?page_id=15"},"modified":"2017-08-18T18:41:48","modified_gmt":"2017-08-18T16:41:48","slug":"spenden","status":"publish","type":"page","link":"https:\/\/foevkts.ralsu.de\/wordpress\/index.php\/spenden\/","title":{"rendered":"Spenden"},"content":{"rendered":"<p>Neben unseren Mitgliedsbeitr\u00e4gen sind Spenden f\u00fcr uns wichtige Einnahmen, die uns helfen unsere Ziele zu erreichen und die Arbeit der Kindertagesst\u00e4tte finanziell zu unterst\u00fctzen.<\/p>\n<p><em>Das Finanzamt Northeim hat uns mit Bescheid vom 13.06.2016 als gemeinn\u00fctzig anerkannt &#8211; Spenden\u00a0zu unseren Gunsten sind somit\u00a0steuerlich absetzbar.<\/em><\/p>\n<h4>Geldspenden per PayPal <em><span style=\"color: #ff0000;\">*neu*<\/span><\/em><\/h4>\n<p style=\"text-align: left;\">Ab sofort k\u00f6nnen Sie uns schnell und sicher Geld per PayPal spenden. Sie k\u00f6nnen den Spendenbetrag individuell festlegen. F\u00fcr Sie fallen keine zus\u00e4tzlichen Geb\u00fchren an.<\/p>\n<p style=\"text-align: center;\"><a href=\"https:\/\/www.paypal.com\/cgi-bin\/webscr?cmd=_s-xclick&amp;hosted_button_id=XANT8UP4ZYQF6\"><img class=\"aligncenter\" src=\"https:\/\/foevkts.ralsu.de\/wordpress\/wp-content\/uploads\/2017\/08\/paypal_spenden.png\" alt=\"Jetzt einfach, schnell und sicher online bezahlen \u2013 mit PayPal.\" border=\"0\" \/><\/a><\/p>\n<p style=\"text-align: left;\">Mit PayPal k\u00f6nnen Sie ganz einfach eine Spende an F\u00f6rderverein Kindertagesst\u00e4tte Schoningen e.V. senden.\u00a0Alle Vorteile mit PayPal auf einen Blick:<\/p>\n<ul>\n<li style=\"text-align: left;\"><strong>Sicher:<\/strong> Ihre Bankdaten sind nur bei PayPal hinterlegt.<\/li>\n<li style=\"text-align: left;\"><strong>Einfach:<\/strong> Sie bezahlen mit zwei Klicks.<\/li>\n<li style=\"text-align: left;\"><strong>Schnell:<\/strong> PayPal-Zahlungen treffen schnell beim Verk\u00e4ufer ein.<\/li>\n<li style=\"text-align: left;\"><strong>Kostenlos:<\/strong> Das Bezahlen ist bei PayPal immer kostenlos.<\/li>\n<\/ul>\n<p>Im letzten Schritt erhalten Sie einen Spendenbeleg von PayPal. Die Geb\u00fchren f\u00fcr die Transaktion tragen wir (<em>1,5% vom Spendenbetrag + 0,35\u20ac pro Spende<\/em>).<\/p>\n<h4>Geldspenden per \u00dcberweisung<\/h4>\n<p>Sie k\u00f6nnen Spenden jederzeit auf unser Vereinskonto \u00fcberweisen oder einzahlen.<\/p>\n<p style=\"text-align: center; font-size: 1.5em;\"><strong>IBAN<\/strong>\u00a0DE82 2625 0001 0172 1473 24<\/p>\n<p style=\"text-align: center; font-size: 1.5em;\"><strong>BIC<\/strong>\u00a0NOLADE21NOM \u00a0(Kreissparkasse Northeim)<\/p>\n<p style=\"text-align: left;\">Bei Spenden bis 200 Euro reicht derzeit der\u00a0Einzahlungsbeleg oder Kontoauszug als Nachweis aus. Gerne stellen wir Ihnen auf Wunsch aber auch eine Spendenbescheinigung aus &#8211; nehmen Sie dazu mit uns <a href=\"https:\/\/foevkts.ralsu.de\/wordpress\/index.php\/kontakt\/\">&gt;&gt; Kontakt &lt;&lt;<\/a> auf.<\/p>\n<h4>Sachspenden<\/h4>\n<p>Manchmal sind es auch die kleinen Dinge, die helfen k\u00f6nnen. So haben wir\u00a0zum Beispiel unsere ersten Werbeflyer als Sachspende eines Mitglieds erhalten. Falls Sie gerne eine Sachspende leisten m\u00f6chten, nehmen Sie bitte mit uns <a href=\"https:\/\/foevkts.ralsu.de\/wordpress\/index.php\/kontakt\/\">&gt;&gt; Kontakt &lt;&lt;<\/a> auf, womit Sie uns helfen k\u00f6nnen.<\/p>\n","protected":false},"excerpt":{"rendered":"<p>Neben unseren Mitgliedsbeitr\u00e4gen sind Spenden f\u00fcr uns wichtige Einnahmen, die uns helfen unsere Ziele zu erreichen und die Arbeit der Kindertagesst\u00e4tte finanziell zu unterst\u00fctzen. Das Finanzamt Northeim hat uns mit Bescheid vom 13.06.2016 als gemeinn\u00fctzig anerkannt &#8211; Spenden\u00a0zu unseren Gunsten sind somit\u00a0steuerlich absetzbar. Geldspenden per PayPal *neu* Ab sofort k\u00f6nnen Sie uns schnell und sicher [&hellip;]<\/p>\n","protected":false},"author":1,"featured_media":0,"parent":0,"menu_order":0,"comment_status":"closed","ping_status":"closed","template":"","meta":[],"_links":{"self":[{"href":"https:\/\/foevkts.ralsu.de\/wordpress\/index.php\/wp-json\/wp\/v2\/pages\/15"}],"collection":[{"href":"https:\/\/foevkts.ralsu.de\/wordpress\/index.php\/wp-json\/wp\/v2\/pages"}],"about":[{"href":"https:\/\/foevkts.ralsu.de\/wordpress\/index.php\/wp-json\/wp\/v2\/types\/page"}],"author":[{"embeddable":true,"href":"https:\/\/foevkts.ralsu.de\/wordpress\/index.php\/wp-json\/wp\/v2\/users\/1"}],"replies":[{"embeddable":true,"href":"https:\/\/foevkts.ralsu.de\/wordpress\/index.php\/wp-json\/wp\/v2\/comments?post=15"}],"version-history":[{"count":11,"href":"https:\/\/foevkts.ralsu.de\/wordpress\/index.php\/wp-json\/wp\/v2\/pages\/15\/revisions"}],"predecessor-version":[{"id":241,"href":"https:\/\/foevkts.ralsu.de\/wordpress\/index.php\/wp-json\/wp\/v2\/pages\/15\/revisions\/241"}],"wp:attachment":[{"href":"https:\/\/foevkts.ralsu.de\/wordpress\/index.php\/wp-json\/wp\/v2\/media?parent=15"}],"curies":[{"name":"wp","href":"https:\/\/api.w.org\/{rel}","templated":true}]}}