{"id":17,"date":"2016-02-16T13:25:44","date_gmt":"2016-02-16T12:25:44","guid":{"rendered":"http:\/\/foevkts.0link.net\/wordpress\/?page_id=17"},"modified":"2016-12-10T13:57:33","modified_gmt":"2016-12-10T12:57:33","slug":"schulengel","status":"publish","type":"page","link":"https:\/\/foevkts.ralsu.de\/wordpress\/index.php\/schulengel\/","title":{"rendered":"Schulengel"},"content":{"rendered":"<p>Unser F\u00f6rderverein ist auf <strong>Schulengel.de<\/strong> registriert und so k\u00f6nnen Sie uns beim Online-Einkauf in \u00fcber 1400 Partner-Shops unterst\u00fctzen.<\/p>\n<p>Wenn Sie sich \u00fcber das Spendenportal von Schulengel zu einem Shop weiterleiten lassen, zahlen die Shopbetreiber daf\u00fcr eine Dankesch\u00f6npr\u00e4mie an Schulengel aus. Diese Pr\u00e4mien werden dann von Schulengel an unseren F\u00f6rderverein als Spende ausgezahlt.\u00a0Auch wenn diese Betr\u00e4ge auf den ersten Blick sehr klein sind, helfen Sie uns beim erreichen unserer Ziele f\u00fcr die Kindertagesst\u00e4tte in Schoningen.<\/p>\n<p><span style=\"color: #ff0000;\"><strong>F\u00fcr Sie gibt es kein Risiko und Sie zahlen auch nicht mehr f\u00fcr Ihre Bestellungen.<\/strong><\/span><\/p>\n<p>Probieren Sie es einfach mal aus &#8211; gehen Sie auf &#8230;<\/p>\n<p><a href=\"https:\/\/www.schulengel.de\/einrichtungen\/details\/8918-forderverein-kindertagesstatte-schoningen-ev\">https:\/\/www.schulengel.de\/einrichtungen\/details\/8918-forderverein-kindertagesstatte-schoningen-ev<\/a><\/p>\n<p>&#8230; und klicken Sie oben auf <strong>Einrichtung unterst\u00fctzen<\/strong> und w\u00e4hlen Sie dann einen der vielen Shops aus &#8230;<\/p>\n<p><img class=\"shop-logo\" src=\"https:\/\/www.schulengel.de\/shoppen\/shop-logo\/small-1038\" alt=\"\" \/>\u00a0<img class=\"shop-logo\" src=\"https:\/\/www.schulengel.de\/shoppen\/shop-logo\/small-23\" alt=\"\" \/>\u00a0<img class=\"shop-logo\" src=\"https:\/\/www.schulengel.de\/shoppen\/shop-logo\/small-2\" alt=\"\" \/>\u00a0<img class=\"shop-logo\" src=\"https:\/\/www.schulengel.de\/shoppen\/shop-logo\/small-55\" alt=\"\" \/>\u00a0<img class=\"shop-logo\" src=\"https:\/\/www.schulengel.de\/shoppen\/shop-logo\/small-1242\" alt=\"\" \/>\u00a0\u00a0\u00a0<strong>&#8230; und viele mehr &#8230;<\/strong><\/p>\n","protected":false},"excerpt":{"rendered":"<p>Unser F\u00f6rderverein ist auf Schulengel.de registriert und so k\u00f6nnen Sie uns beim Online-Einkauf in \u00fcber 1400 Partner-Shops unterst\u00fctzen. Wenn Sie sich \u00fcber das Spendenportal von Schulengel zu einem Shop weiterleiten lassen, zahlen die Shopbetreiber daf\u00fcr eine Dankesch\u00f6npr\u00e4mie an Schulengel aus. Diese Pr\u00e4mien werden dann von Schulengel an unseren F\u00f6rderverein als Spende ausgezahlt.\u00a0Auch wenn diese Betr\u00e4ge [&hellip;]<\/p>\n","protected":false},"author":1,"featured_media":21,"parent":0,"menu_order":0,"comment_status":"closed","ping_status":"closed","template":"","meta":[],"_links":{"self":[{"href":"https:\/\/foevkts.ralsu.de\/wordpress\/index.php\/wp-json\/wp\/v2\/pages\/17"}],"collection":[{"href":"https:\/\/foevkts.ralsu.de\/wordpress\/index.php\/wp-json\/wp\/v2\/pages"}],"about":[{"href":"https:\/\/foevkts.ralsu.de\/wordpress\/index.php\/wp-json\/wp\/v2\/types\/page"}],"author":[{"embeddable":true,"href":"https:\/\/foevkts.ralsu.de\/wordpress\/index.php\/wp-json\/wp\/v2\/users\/1"}],"replies":[{"embeddable":true,"href":"https:\/\/foevkts.ralsu.de\/wordpress\/index.php\/wp-json\/wp\/v2\/comments?post=17"}],"version-history":[{"count":6,"href":"https:\/\/foevkts.ralsu.de\/wordpress\/index.php\/wp-json\/wp\/v2\/pages\/17\/revisions"}],"predecessor-version":[{"id":207,"href":"https:\/\/foevkts.ralsu.de\/wordpress\/index.php\/wp-json\/wp\/v2\/pages\/17\/revisions\/207"}],"wp:featuredmedia":[{"embeddable":true,"href":"https:\/\/foevkts.ralsu.de\/wordpress\/index.php\/wp-json\/wp\/v2\/media\/21"}],"wp:attachment":[{"href":"https:\/\/foevkts.ralsu.de\/wordpress\/index.php\/wp-json\/wp\/v2\/media?parent=17"}],"curies":[{"name":"wp","href":"https:\/\/api.w.org\/{rel}","templated":true}]}}