{"id":19,"date":"2016-02-16T15:20:21","date_gmt":"2016-02-16T14:20:21","guid":{"rendered":"http:\/\/foevkts.0link.net\/wordpress\/?page_id=19"},"modified":"2016-11-11T10:44:48","modified_gmt":"2016-11-11T09:44:48","slug":"unterstuetzen","status":"publish","type":"page","link":"https:\/\/foevkts.ralsu.de\/wordpress\/index.php\/unterstuetzen\/","title":{"rendered":"Unterst\u00fctzen"},"content":{"rendered":"<p>Neben der Mitgliedschaft und der Spende besteht die M\u00f6glichkeit uns aktiv zu unterst\u00fctzen.<\/p>\n<p>Bei Veranstaltungen und Aktionen zugunsten der Kindertagesst\u00e4tte Schoningen werden\u00a0helfende H\u00e4nde immer gebraucht. Termine f\u00fcr gr\u00f6\u00dfere Veranstaltungen ver\u00f6ffentlichen wir auf unserer Facebook-Seite.<\/p>\n<p>Wenn Sie helfen m\u00f6chten, nehmen Sie bitte mit uns <a href=\"https:\/\/foevkts.ralsu.de\/wordpress\/index.php\/kontakt\/\">&gt;&gt; Kontakt &lt;&lt;<\/a> auf.<\/p>\n","protected":false},"excerpt":{"rendered":"<p>Neben der Mitgliedschaft und der Spende besteht die M\u00f6glichkeit uns aktiv zu unterst\u00fctzen. Bei Veranstaltungen und Aktionen zugunsten der Kindertagesst\u00e4tte Schoningen werden\u00a0helfende H\u00e4nde immer gebraucht. Termine f\u00fcr gr\u00f6\u00dfere Veranstaltungen ver\u00f6ffentlichen wir auf unserer Facebook-Seite. Wenn Sie helfen m\u00f6chten, nehmen Sie bitte mit uns &gt;&gt; Kontakt &lt;&lt; auf.<\/p>\n","protected":false},"author":1,"featured_media":0,"parent":0,"menu_order":0,"comment_status":"closed","ping_status":"closed","template":"","meta":[],"_links":{"self":[{"href":"https:\/\/foevkts.ralsu.de\/wordpress\/index.php\/wp-json\/wp\/v2\/pages\/19"}],"collection":[{"href":"https:\/\/foevkts.ralsu.de\/wordpress\/index.php\/wp-json\/wp\/v2\/pages"}],"about":[{"href":"https:\/\/foevkts.ralsu.de\/wordpress\/index.php\/wp-json\/wp\/v2\/types\/page"}],"author":[{"embeddable":true,"href":"https:\/\/foevkts.ralsu.de\/wordpress\/index.php\/wp-json\/wp\/v2\/users\/1"}],"replies":[{"embeddable":true,"href":"https:\/\/foevkts.ralsu.de\/wordpress\/index.php\/wp-json\/wp\/v2\/comments?post=19"}],"version-history":[{"count":4,"href":"https:\/\/foevkts.ralsu.de\/wordpress\/index.php\/wp-json\/wp\/v2\/pages\/19\/revisions"}],"predecessor-version":[{"id":197,"href":"https:\/\/foevkts.ralsu.de\/wordpress\/index.php\/wp-json\/wp\/v2\/pages\/19\/revisions\/197"}],"wp:attachment":[{"href":"https:\/\/foevkts.ralsu.de\/wordpress\/index.php\/wp-json\/wp\/v2\/media?parent=19"}],"curies":[{"name":"wp","href":"https:\/\/api.w.org\/{rel}","templated":true}]}}