{"id":28,"date":"2016-02-16T13:53:51","date_gmt":"2016-02-16T12:53:51","guid":{"rendered":"http:\/\/foevkts.0link.net\/wordpress\/?page_id=28"},"modified":"2016-02-16T15:57:59","modified_gmt":"2016-02-16T14:57:59","slug":"gruendung","status":"publish","type":"page","link":"https:\/\/foevkts.ralsu.de\/wordpress\/index.php\/gruendung\/","title":{"rendered":"Gr\u00fcndung"},"content":{"rendered":"<p>Zu Beginn des Kindergartenjahres 2014\/2015 entstand im Elternbeirat der ev. Kindertagesst\u00e4tte Schoningen die Idee einen F\u00f6rderverein zu gr\u00fcnden, um weitere finanzielle Mittel f\u00fcr die Arbeit der Kindertagesst\u00e4tte bereitstellen zu k\u00f6nnen.\u00a0Der Kindergarten und die\u00a0ev.-luth. St. Vitus Kirchengemeinde am Solling waren schnell von unserer Idee \u00fcberzeugt und haben sofort Unterst\u00fctzung zugesagt.<\/p>\n<p>Nach einigen Recherchen \u00fcber Vereinsgr\u00fcndungen und Steuerrecht erfolgten Anfang 2015 die Vorbereitungen wie zum Beispiel das Erstellen eines Satzungsentwurfs. Dank Vorpr\u00fcfung des Entwurfs durch Finanzamt und Amtsgericht konnten einige Formulierungen noch vor der Mitgliederversammlung angepasst werden.<\/p>\n<h4>Gr\u00fcndungsversammlung<\/h4>\n<p>Auf der Gr\u00fcndungsversammlung am 25.03.2015 im Mehrzweckraum des SC Schoningen 04 wurde dann die Satzung mit kleineren \u00c4nderungen von den 13 Gr\u00fcndungsmitgliedern beschlossen und der erste Vorstand wurde gew\u00e4hlt.<\/p>\n<p>In den darauffolgenden Wochen hie\u00df es viel Geduld haben &#8230;. nac<img loading=\"lazy\" class=\"size-medium wp-image-71 alignright\" src=\"http:\/\/foevkts.0link.net\/wordpress\/wp-content\/uploads\/2016\/02\/gruendungsmitglieder-300x200.jpg\" alt=\"gruendungsmitglieder\" width=\"300\" height=\"200\" srcset=\"https:\/\/foevkts.ralsu.de\/wordpress\/wp-content\/uploads\/2016\/02\/gruendungsmitglieder-300x200.jpg 300w, https:\/\/foevkts.ralsu.de\/wordpress\/wp-content\/uploads\/2016\/02\/gruendungsmitglieder-768x512.jpg 768w, https:\/\/foevkts.ralsu.de\/wordpress\/wp-content\/uploads\/2016\/02\/gruendungsmitglieder-1024x683.jpg 1024w\" sizes=\"(max-width: 300px) 100vw, 300px\" \/>h dem notwendigen Notartermin f\u00fcr die Eintragung in das Vereinsregister wurden die Unterlagen erneut beim Amtsgericht und Finanzamt eingereicht und wir mussten auf die offizielle Eintragung in das Vereinsregister und die Anerkennung unserer Gemeinn\u00fctzigkeit warten.<\/p>\n<p>Seit dem 3. Juli 2015 sind wir nun ganz offiziell ein eingetragener und als gemeinn\u00fctzig anerkannter Verein und k\u00f6nnen <a href=\"http:\/\/foevkts.0link.net\/wordpress\/index.php\/mitgliedschaft\/\">Mitglieder werben<\/a>, Spenden sammeln und die Kinder in der Kindertagesst\u00e4tte Schoningen unterst\u00fctzen.<\/p>\n","protected":false},"excerpt":{"rendered":"<p>Zu Beginn des Kindergartenjahres 2014\/2015 entstand im Elternbeirat der ev. Kindertagesst\u00e4tte Schoningen die Idee einen F\u00f6rderverein zu gr\u00fcnden, um weitere finanzielle Mittel f\u00fcr die Arbeit der Kindertagesst\u00e4tte bereitstellen zu k\u00f6nnen.\u00a0Der Kindergarten und die\u00a0ev.-luth. St. Vitus Kirchengemeinde am Solling waren schnell von unserer Idee \u00fcberzeugt und haben sofort Unterst\u00fctzung zugesagt. Nach einigen Recherchen \u00fcber Vereinsgr\u00fcndungen und [&hellip;]<\/p>\n","protected":false},"author":1,"featured_media":0,"parent":0,"menu_order":0,"comment_status":"closed","ping_status":"closed","template":"","meta":[],"_links":{"self":[{"href":"https:\/\/foevkts.ralsu.de\/wordpress\/index.php\/wp-json\/wp\/v2\/pages\/28"}],"collection":[{"href":"https:\/\/foevkts.ralsu.de\/wordpress\/index.php\/wp-json\/wp\/v2\/pages"}],"about":[{"href":"https:\/\/foevkts.ralsu.de\/wordpress\/index.php\/wp-json\/wp\/v2\/types\/page"}],"author":[{"embeddable":true,"href":"https:\/\/foevkts.ralsu.de\/wordpress\/index.php\/wp-json\/wp\/v2\/users\/1"}],"replies":[{"embeddable":true,"href":"https:\/\/foevkts.ralsu.de\/wordpress\/index.php\/wp-json\/wp\/v2\/comments?post=28"}],"version-history":[{"count":3,"href":"https:\/\/foevkts.ralsu.de\/wordpress\/index.php\/wp-json\/wp\/v2\/pages\/28\/revisions"}],"predecessor-version":[{"id":76,"href":"https:\/\/foevkts.ralsu.de\/wordpress\/index.php\/wp-json\/wp\/v2\/pages\/28\/revisions\/76"}],"wp:attachment":[{"href":"https:\/\/foevkts.ralsu.de\/wordpress\/index.php\/wp-json\/wp\/v2\/media?parent=28"}],"curies":[{"name":"wp","href":"https:\/\/api.w.org\/{rel}","templated":true}]}}