{"id":30,"date":"2016-02-16T13:36:46","date_gmt":"2016-02-16T12:36:46","guid":{"rendered":"http:\/\/foevkts.0link.net\/wordpress\/?page_id=30"},"modified":"2016-02-16T15:56:45","modified_gmt":"2016-02-16T14:56:45","slug":"verein","status":"publish","type":"page","link":"https:\/\/foevkts.ralsu.de\/wordpress\/index.php\/verein\/","title":{"rendered":"Verein"},"content":{"rendered":"<p>Erfahren Sie auf den folgenden Seiten mehr \u00fcber unseren Verein und unsere Ziele.<\/p>\n<ul>\n<li><a href=\"http:\/\/foevkts.0link.net\/wordpress\/index.php\/gruendung\/\">Gr\u00fcndung des F\u00f6rdervereines<\/a><\/li>\n<li><a href=\"http:\/\/foevkts.0link.net\/wordpress\/index.php\/unsere-zielsetzung\/\">Zielsetzung<\/a><\/li>\n<li><a href=\"http:\/\/foevkts.0link.net\/wordpress\/index.php\/vorstand\/\">Vorstand<\/a><\/li>\n<li><a href=\"http:\/\/foevkts.0link.net\/wordpress\/index.php\/downloads\/\">Satzung und andere wichtige Dokumente<\/a><\/li>\n<li><a href=\"http:\/\/foevkts.0link.net\/wordpress\/index.php\/ev-kindertagesstaette-schoningen\/\">\u00fcber die unterst\u00fctzte Einrichtung<\/a><\/li>\n<\/ul>\n","protected":false},"excerpt":{"rendered":"<p>Erfahren Sie auf den folgenden Seiten mehr \u00fcber unseren Verein und unsere Ziele. Gr\u00fcndung des F\u00f6rdervereines Zielsetzung Vorstand Satzung und andere wichtige Dokumente \u00fcber die unterst\u00fctzte Einrichtung<\/p>\n","protected":false},"author":1,"featured_media":0,"parent":0,"menu_order":0,"comment_status":"closed","ping_status":"closed","template":"","meta":[],"_links":{"self":[{"href":"https:\/\/foevkts.ralsu.de\/wordpress\/index.php\/wp-json\/wp\/v2\/pages\/30"}],"collection":[{"href":"https:\/\/foevkts.ralsu.de\/wordpress\/index.php\/wp-json\/wp\/v2\/pages"}],"about":[{"href":"https:\/\/foevkts.ralsu.de\/wordpress\/index.php\/wp-json\/wp\/v2\/types\/page"}],"author":[{"embeddable":true,"href":"https:\/\/foevkts.ralsu.de\/wordpress\/index.php\/wp-json\/wp\/v2\/users\/1"}],"replies":[{"embeddable":true,"href":"https:\/\/foevkts.ralsu.de\/wordpress\/index.php\/wp-json\/wp\/v2\/comments?post=30"}],"version-history":[{"count":4,"href":"https:\/\/foevkts.ralsu.de\/wordpress\/index.php\/wp-json\/wp\/v2\/pages\/30\/revisions"}],"predecessor-version":[{"id":74,"href":"https:\/\/foevkts.ralsu.de\/wordpress\/index.php\/wp-json\/wp\/v2\/pages\/30\/revisions\/74"}],"wp:attachment":[{"href":"https:\/\/foevkts.ralsu.de\/wordpress\/index.php\/wp-json\/wp\/v2\/media?parent=30"}],"curies":[{"name":"wp","href":"https:\/\/api.w.org\/{rel}","templated":true}]}}