{"id":32,"date":"2016-02-16T13:37:20","date_gmt":"2016-02-16T12:37:20","guid":{"rendered":"http:\/\/foevkts.0link.net\/wordpress\/?page_id=32"},"modified":"2024-08-20T21:13:17","modified_gmt":"2024-08-20T19:13:17","slug":"helfen","status":"publish","type":"page","link":"https:\/\/foevkts.ralsu.de\/wordpress\/index.php\/helfen\/","title":{"rendered":"Helfen"},"content":{"rendered":"<p>Erfahren Sie auf den folgenden Seiten, wie Sie und bei der Verwirklichung unserer Ziele helfen k\u00f6nnen.<\/p>\n<ul>\n<li><a href=\"http:\/\/foevkts.0link.net\/wordpress\/index.php\/mitgliedschaft\/\">Mitgliedschaft<\/a><\/li>\n<li><a href=\"http:\/\/foevkts.0link.net\/wordpress\/index.php\/spenden\/\">Spendenm\u00f6glichkeit<\/a><\/li>\n<li><a href=\"http:\/\/foevkts.0link.net\/wordpress\/index.php\/unterstuetzen\/\">aktive Unterst\u00fctzung<\/a><\/li>\n<\/ul>\n<p>Wenn Sie selbst eine gute Idee haben, wie Sie uns oder der Kindertagesst\u00e4tte in Schoningen helfen k\u00f6nnen, nehmen Sie bitte mit uns <a href=\"https:\/\/foevkts.ralsu.de\/wordpress\/index.php\/kontakt\/\">&gt;&gt; Kontakt &lt;&lt;<\/a> auf.<\/p>\n","protected":false},"excerpt":{"rendered":"<p>Erfahren Sie auf den folgenden Seiten, wie Sie und bei der Verwirklichung unserer Ziele helfen k\u00f6nnen. Mitgliedschaft Spendenm\u00f6glichkeit aktive Unterst\u00fctzung Wenn Sie selbst eine gute Idee haben, wie Sie uns oder der Kindertagesst\u00e4tte in Schoningen helfen k\u00f6nnen, nehmen Sie bitte mit uns &gt;&gt; Kontakt &lt;&lt; auf.<\/p>\n","protected":false},"author":1,"featured_media":0,"parent":0,"menu_order":0,"comment_status":"closed","ping_status":"closed","template":"","meta":[],"_links":{"self":[{"href":"https:\/\/foevkts.ralsu.de\/wordpress\/index.php\/wp-json\/wp\/v2\/pages\/32"}],"collection":[{"href":"https:\/\/foevkts.ralsu.de\/wordpress\/index.php\/wp-json\/wp\/v2\/pages"}],"about":[{"href":"https:\/\/foevkts.ralsu.de\/wordpress\/index.php\/wp-json\/wp\/v2\/types\/page"}],"author":[{"embeddable":true,"href":"https:\/\/foevkts.ralsu.de\/wordpress\/index.php\/wp-json\/wp\/v2\/users\/1"}],"replies":[{"embeddable":true,"href":"https:\/\/foevkts.ralsu.de\/wordpress\/index.php\/wp-json\/wp\/v2\/comments?post=32"}],"version-history":[{"count":4,"href":"https:\/\/foevkts.ralsu.de\/wordpress\/index.php\/wp-json\/wp\/v2\/pages\/32\/revisions"}],"predecessor-version":[{"id":357,"href":"https:\/\/foevkts.ralsu.de\/wordpress\/index.php\/wp-json\/wp\/v2\/pages\/32\/revisions\/357"}],"wp:attachment":[{"href":"https:\/\/foevkts.ralsu.de\/wordpress\/index.php\/wp-json\/wp\/v2\/media?parent=32"}],"curies":[{"name":"wp","href":"https:\/\/api.w.org\/{rel}","templated":true}]}}