{"id":54,"date":"2016-02-16T14:59:39","date_gmt":"2016-02-16T13:59:39","guid":{"rendered":"http:\/\/foevkts.0link.net\/wordpress\/?page_id=54"},"modified":"2019-08-16T16:35:00","modified_gmt":"2019-08-16T14:35:00","slug":"downloads","status":"publish","type":"page","link":"https:\/\/foevkts.ralsu.de\/wordpress\/index.php\/downloads\/","title":{"rendered":"Downloads"},"content":{"rendered":"<p><strong>Satzung<\/strong> (aktuelle Fassung &#8211; ge\u00e4ndert auf der Mitgliederversammlung am 22.05.2019)<\/p>\n<ul>\n<li><a href=\"https:\/\/foevkts.ralsu.de\/wordpress\/wp-content\/uploads\/2019\/08\/Satzung_2.-Fassung.pdf\" target=\"_blank\" rel=\"noopener noreferrer\">aktuelle Satzung<\/a><\/li>\n<\/ul>\n<p><strong>Beitragsregelung<\/strong> (aktuelle Fassung &#8211; beschlossen auf der Mitgliederversammlung am 06.04.2016)<\/p>\n<ul>\n<li><a href=\"http:\/\/foevkts.0link.net\/wordpress\/wp-content\/uploads\/2016\/02\/Beschluss_Beitrag.pdf\" target=\"_blank\" rel=\"noopener noreferrer\">Beschluss der Mitgliederversammlung<\/a><\/li>\n<\/ul>\n<p><strong>Beitrittserkl\u00e4rung f\u00fcr nat\u00fcrliche Personen<\/strong><\/p>\n<ul>\n<li><a href=\"https:\/\/foevkts.ralsu.de\/wordpress\/wp-content\/uploads\/2017\/08\/Beitrittserkl\u00e4rung.pdf\" target=\"_blank\" rel=\"noopener noreferrer\">Beitrittserkl\u00e4rung f\u00fcr Personen<\/a><\/li>\n<\/ul>\n<p><strong>Beitrittserkl\u00e4rung f\u00fcr juristische Personen<\/strong><\/p>\n<ul>\n<li><a href=\"http:\/\/foevkts.0link.net\/wordpress\/wp-content\/uploads\/2016\/02\/Beitrittserkl\u00e4rung_jur.-Person.pdf\" target=\"_blank\" rel=\"noopener noreferrer\">Beitrittserkl\u00e4rung f\u00fcr juristische Personen (Firmen\/Vereine)<\/a><\/li>\n<\/ul>\n<p><strong>\u00c4nderungsmeldung f\u00fcr Mitglieder<\/strong><\/p>\n<ul>\n<li><a href=\"http:\/\/foevkts.0link.net\/wordpress\/wp-content\/uploads\/2016\/02\/\u00c4nderungsmeldung_PC.dotx\" target=\"_blank\" rel=\"noopener noreferrer\">\u00c4nderungsmeldung (Word-Formular)<\/a><\/li>\n<\/ul>\n","protected":false},"excerpt":{"rendered":"<p>Satzung (aktuelle Fassung &#8211; ge\u00e4ndert auf der Mitgliederversammlung am 22.05.2019) aktuelle Satzung Beitragsregelung (aktuelle Fassung &#8211; beschlossen auf der Mitgliederversammlung am 06.04.2016) Beschluss der Mitgliederversammlung Beitrittserkl\u00e4rung f\u00fcr nat\u00fcrliche Personen Beitrittserkl\u00e4rung f\u00fcr Personen Beitrittserkl\u00e4rung f\u00fcr juristische Personen Beitrittserkl\u00e4rung f\u00fcr juristische Personen (Firmen\/Vereine) \u00c4nderungsmeldung f\u00fcr Mitglieder \u00c4nderungsmeldung (Word-Formular)<\/p>\n","protected":false},"author":1,"featured_media":0,"parent":0,"menu_order":0,"comment_status":"closed","ping_status":"closed","template":"","meta":[],"_links":{"self":[{"href":"https:\/\/foevkts.ralsu.de\/wordpress\/index.php\/wp-json\/wp\/v2\/pages\/54"}],"collection":[{"href":"https:\/\/foevkts.ralsu.de\/wordpress\/index.php\/wp-json\/wp\/v2\/pages"}],"about":[{"href":"https:\/\/foevkts.ralsu.de\/wordpress\/index.php\/wp-json\/wp\/v2\/types\/page"}],"author":[{"embeddable":true,"href":"https:\/\/foevkts.ralsu.de\/wordpress\/index.php\/wp-json\/wp\/v2\/users\/1"}],"replies":[{"embeddable":true,"href":"https:\/\/foevkts.ralsu.de\/wordpress\/index.php\/wp-json\/wp\/v2\/comments?post=54"}],"version-history":[{"count":5,"href":"https:\/\/foevkts.ralsu.de\/wordpress\/index.php\/wp-json\/wp\/v2\/pages\/54\/revisions"}],"predecessor-version":[{"id":283,"href":"https:\/\/foevkts.ralsu.de\/wordpress\/index.php\/wp-json\/wp\/v2\/pages\/54\/revisions\/283"}],"wp:attachment":[{"href":"https:\/\/foevkts.ralsu.de\/wordpress\/index.php\/wp-json\/wp\/v2\/media?parent=54"}],"curies":[{"name":"wp","href":"https:\/\/api.w.org\/{rel}","templated":true}]}}