{"id":86,"date":"2016-07-02T14:23:26","date_gmt":"2016-07-02T12:23:26","guid":{"rendered":"http:\/\/foevkts.0link.net\/wordpress\/?page_id=86"},"modified":"2019-08-16T16:38:19","modified_gmt":"2019-08-16T14:38:19","slug":"online-beitrittserklaerung","status":"publish","type":"page","link":"https:\/\/foevkts.ralsu.de\/wordpress\/index.php\/online-beitrittserklaerung\/","title":{"rendered":"Online-Beitrittserkl\u00e4rung"},"content":{"rendered":"<p>Die Mitglieder bilden die Basis unseres F\u00f6rdervereins. Mitglieder erf\u00fcllen unsere Idee mit Leben, die Beitr\u00e4ge bieten einen finanziellen Grundstock f\u00fcr unsere Arbeit.<\/p>\n<p>Mit Ihrem Mitgliedsbeitrag unterst\u00fctzen Sie die Kinder &#8230;<\/p>\n<ul>\n<li>bei Projekten<\/li>\n<li>bei Ausfl\u00fcgen<\/li>\n<li>durch die Beschaffung von zus\u00e4tzlichem Material zur F\u00f6rderung ihrer Entwicklung<\/li>\n<li>durch Erg\u00e4nzung der Ausstattung in Kindergarten und Krippe \u00fcber den Standard hinaus<br \/>\nIhre Beitr\u00e4ge k\u00f6nnen im Rahmen des \u00a710b EStG als Spenden steuerlich abgesetzt werden &#8211; unser F\u00f6rderverein ist als gemeinn\u00fctzig anerkannt.<\/li>\n<\/ul>\n<p>Mit der Mitgliedschaft im F\u00f6rderverein erkennen Sie unsere\u00a0<a href=\"https:\/\/foevkts.ralsu.de\/wordpress\/wp-content\/uploads\/2019\/08\/Satzung_2.-Fassung.pdf\" rel=\"\">Satzung<\/a>\u00a0und die <a href=\"http:\/\/foevkts.0link.net\/wordpress\/wp-content\/uploads\/2016\/02\/Beschluss_Beitrag.pdf\" rel=\"\">Beitragsordnung<\/a>\u00a0an.<\/p>\n<p style=\"text-align: center;\"><strong><span style=\"color: #ff0000;\">&gt;&gt;<\/span>\u00a0<a href=\"http:\/\/foevkts.0link.net\/mitglied\/mitglied.php\" target=\"_BLANK\" rel=\"noopener noreferrer\">Online-Formular in neuem Fenster \u00f6ffnen<\/a>\u00a0<span style=\"color: #ff0000;\">&lt;&lt;<\/span><\/strong><\/p>\n","protected":false},"excerpt":{"rendered":"<p>Die Mitglieder bilden die Basis unseres F\u00f6rdervereins. Mitglieder erf\u00fcllen unsere Idee mit Leben, die Beitr\u00e4ge bieten einen finanziellen Grundstock f\u00fcr unsere Arbeit. Mit Ihrem Mitgliedsbeitrag unterst\u00fctzen Sie die Kinder &#8230; bei Projekten bei Ausfl\u00fcgen durch die Beschaffung von zus\u00e4tzlichem Material zur F\u00f6rderung ihrer Entwicklung durch Erg\u00e4nzung der Ausstattung in Kindergarten und Krippe \u00fcber den Standard [&hellip;]<\/p>\n","protected":false},"author":1,"featured_media":0,"parent":0,"menu_order":0,"comment_status":"closed","ping_status":"closed","template":"","meta":[],"_links":{"self":[{"href":"https:\/\/foevkts.ralsu.de\/wordpress\/index.php\/wp-json\/wp\/v2\/pages\/86"}],"collection":[{"href":"https:\/\/foevkts.ralsu.de\/wordpress\/index.php\/wp-json\/wp\/v2\/pages"}],"about":[{"href":"https:\/\/foevkts.ralsu.de\/wordpress\/index.php\/wp-json\/wp\/v2\/types\/page"}],"author":[{"embeddable":true,"href":"https:\/\/foevkts.ralsu.de\/wordpress\/index.php\/wp-json\/wp\/v2\/users\/1"}],"replies":[{"embeddable":true,"href":"https:\/\/foevkts.ralsu.de\/wordpress\/index.php\/wp-json\/wp\/v2\/comments?post=86"}],"version-history":[{"count":11,"href":"https:\/\/foevkts.ralsu.de\/wordpress\/index.php\/wp-json\/wp\/v2\/pages\/86\/revisions"}],"predecessor-version":[{"id":285,"href":"https:\/\/foevkts.ralsu.de\/wordpress\/index.php\/wp-json\/wp\/v2\/pages\/86\/revisions\/285"}],"wp:attachment":[{"href":"https:\/\/foevkts.ralsu.de\/wordpress\/index.php\/wp-json\/wp\/v2\/media?parent=86"}],"curies":[{"name":"wp","href":"https:\/\/api.w.org\/{rel}","templated":true}]}}